{"id":19,"date":"2017-08-28T08:28:41","date_gmt":"2017-08-28T11:28:41","guid":{"rendered":"http:\/\/sinmedrj.org.br\/institucional\/quem-somos\/"},"modified":"2026-04-07T22:54:15","modified_gmt":"2026-04-08T01:54:15","slug":"quem-somos","status":"publish","type":"page","link":"https:\/\/sinmedrj.org.br\/?page_id=19","title":{"rendered":"Quem somos"},"content":{"rendered":"<p>O Sindicato dos M\u00e9dicos do Rio de Janeiro foi fundado em 25 de novembro de 1927, com sede na Cidade do Rio de Janeiro e base territorial no Munic\u00edpio do Rio de Janeiro. Foi a primeira associa\u00e7\u00e3o de uma categoria profissional, de n\u00edvel superior, a se organizar no Brasil. Tem por objetivo o estudo, a coordena\u00e7\u00e3o, a prote\u00e7\u00e3o e representa\u00e7\u00e3o legal dos interesses coletivos e individuais da categoria profissional dos m\u00e9dicos.<\/p>\n<p>Pode atuar em \u00e2mbito judicial ou administrativo, inclusive enquanto substituto processual, independente \u00a0de outorga de procura\u00e7\u00e3o, alcan\u00e7ando todos os profissionais m\u00e9dicos, estejam sob rela\u00e7\u00e3o de emprego, no exerc\u00edcio liberal ou aut\u00f4nomo da profiss\u00e3o, vinculados \u00e0 administra\u00e7\u00e3o p\u00fablica federal, estadual ou municipal, direta, indireta ou fundacional ou, ainda, no exerc\u00edcio de sua cidadania. \u00a0Os s\u00f3cios n\u00e3o respondem pelas obriga\u00e7\u00f5es sociais.<\/p>\n<p>Em sua sede na Avenida Churchill, 97, funciona o atendimento aos associados, assim como espa\u00e7os para eventos e reuni\u00f5es.<\/p>\n<p>O Sindicato dos M\u00e9dicos do Rio de Janeiro \u00e9 filiado \u00e0 Federa\u00e7\u00e3o Nacional dos M\u00e9dicos (FENAM).<\/p>\n","protected":false},"excerpt":{"rendered":"<p>O Sindicato dos M\u00e9dicos do Rio de Janeiro foi fundado em 25 de novembro de 1927, com sede na Cidade do Rio de Janeiro e base territorial no Munic\u00edpio do Rio de Janeiro. Foi a primeira associa\u00e7\u00e3o de uma categoria profissional, de n\u00edvel superior, a se organizar no Brasil. Tem por objetivo o estudo, a [&hellip;]<\/p>\n","protected":false},"author":1,"featured_media":0,"parent":16,"menu_order":0,"comment_status":"closed","ping_status":"closed","template":"","meta":{"_acf_changed":false,"footnotes":""},"class_list":["post-19","page","type-page","status-publish","hentry"],"acf":[],"_links":{"self":[{"href":"https:\/\/sinmedrj.org.br\/index.php?rest_route=\/wp\/v2\/pages\/19","targetHints":{"allow":["GET"]}}],"collection":[{"href":"https:\/\/sinmedrj.org.br\/index.php?rest_route=\/wp\/v2\/pages"}],"about":[{"href":"https:\/\/sinmedrj.org.br\/index.php?rest_route=\/wp\/v2\/types\/page"}],"author":[{"embeddable":true,"href":"https:\/\/sinmedrj.org.br\/index.php?rest_route=\/wp\/v2\/users\/1"}],"replies":[{"embeddable":true,"href":"https:\/\/sinmedrj.org.br\/index.php?rest_route=%2Fwp%2Fv2%2Fcomments&post=19"}],"version-history":[{"count":14,"href":"https:\/\/sinmedrj.org.br\/index.php?rest_route=\/wp\/v2\/pages\/19\/revisions"}],"predecessor-version":[{"id":2363,"href":"https:\/\/sinmedrj.org.br\/index.php?rest_route=\/wp\/v2\/pages\/19\/revisions\/2363"}],"up":[{"embeddable":true,"href":"https:\/\/sinmedrj.org.br\/index.php?rest_route=\/wp\/v2\/pages\/16"}],"wp:attachment":[{"href":"https:\/\/sinmedrj.org.br\/index.php?rest_route=%2Fwp%2Fv2%2Fmedia&parent=19"}],"curies":[{"name":"wp","href":"https:\/\/api.w.org\/{rel}","templated":true}]}}