{"id":2324,"date":"2026-04-03T19:12:25","date_gmt":"2026-04-03T22:12:25","guid":{"rendered":"https:\/\/sinmedrj.org.br\/?page_id=2324"},"modified":"2026-04-03T23:08:25","modified_gmt":"2026-04-04T02:08:25","slug":"sindicalizacao-2","status":"publish","type":"page","link":"https:\/\/sinmedrj.org.br\/?page_id=2324","title":{"rendered":"Sindicaliza\u00e7\u00e3o"},"content":{"rendered":"\n<p>Agradecemos o interesse em se sindicalizar ao SINMED-RJ. <\/p>\n\n\n\n<p>Os valores da anuidade podem ser consultado <a href=\"https:\/\/sinmedrj.org.br\/?page_id=2050&amp;customize_changeset_uuid=9e71c7c1-8263-4c89-96f7-a108b2c40536&amp;customize_autosaved=on&amp;customize_messenger_channel=preview-5\" data-type=\"link\" data-id=\"https:\/\/sinmedrj.org.br\/?page_id=2050&amp;customize_changeset_uuid=9e71c7c1-8263-4c89-96f7-a108b2c40536&amp;customize_autosaved=on&amp;customize_messenger_channel=preview-5\">aqui<\/a>.<\/p>\n\n\n<style id=\"wpforms-css-vars-2316-block-c40dc800-955d-4e28-bd8b-4c1f21cc7145\">\n\t\t\t\t#wpforms-2316.wpforms-block-c40dc800-955d-4e28-bd8b-4c1f21cc7145 {\n\t\t\t\t--wpforms-field-size-input-height: 43px;\n--wpforms-field-size-input-spacing: 15px;\n--wpforms-field-size-font-size: 16px;\n--wpforms-field-size-line-height: 19px;\n--wpforms-field-size-padding-h: 14px;\n--wpforms-field-size-checkbox-size: 16px;\n--wpforms-field-size-sublabel-spacing: 5px;\n--wpforms-field-size-icon-size: 1;\n--wpforms-label-size-font-size: 16px;\n--wpforms-label-size-line-height: 19px;\n--wpforms-label-size-sublabel-font-size: 14px;\n--wpforms-label-size-sublabel-line-height: 17px;\n--wpforms-button-size-font-size: 17px;\n--wpforms-button-size-height: 41px;\n--wpforms-button-size-padding-h: 15px;\n--wpforms-button-size-margin-top: 10px;\n\t\t\t}\n\t\t\t<\/style><div class=\"wpforms-container wpforms-container-full wpforms-block wpforms-block-c40dc800-955d-4e28-bd8b-4c1f21cc7145 wpforms-render-modern\" id=\"wpforms-2316\"><form id=\"wpforms-form-2316\" class=\"wpforms-validate wpforms-form wpforms-ajax-form\" data-formid=\"2316\" method=\"post\" enctype=\"multipart\/form-data\" action=\"\/index.php?rest_route=%2Fwp%2Fv2%2Fpages%2F2324\" data-token=\"a1d291ecd72b89de5681a3ffe10e1ffe\" data-token-time=\"1775333184\"><noscript class=\"wpforms-error-noscript\">Ative o JavaScript no seu navegador para preencher este formul\u00e1rio.<\/noscript><div id=\"wpforms-error-noscript\" style=\"display: none;\">Ative o JavaScript no seu navegador para preencher este formul\u00e1rio.<\/div><div class=\"wpforms-field-container\"><div id=\"wpforms-2316-field_17-container\" class=\"wpforms-field wpforms-field-select wpforms-field-select-style-classic\" data-field-id=\"17\"><label class=\"wpforms-field-label\" for=\"wpforms-2316-field_17\">Tipo de Cadastro <span class=\"wpforms-required-label\" aria-hidden=\"true\">*<\/span><\/label><select id=\"wpforms-2316-field_17\" class=\"wpforms-field-medium wpforms-field-required\" name=\"wpforms[fields][17]\" required=\"required\"><option value=\"\" class=\"placeholder\" disabled  selected='selected'>&#8212; Selecione a escolha &#8212;<\/option><option value=\"Novo pedido de sindicaliza\u00e7\u00e3o\"  class=\"choice-1 depth-1\"  >Novo pedido de sindicaliza\u00e7\u00e3o<\/option><option value=\"Atualiza\u00e7\u00e3o cadastral\"  class=\"choice-2 depth-1\"  >Atualiza\u00e7\u00e3o cadastral<\/option><\/select><\/div><div id=\"wpforms-2316-field_4-container\" class=\"wpforms-field wpforms-field-name\" data-field-id=\"4\"><fieldset><legend class=\"wpforms-field-label\">Nome <span class=\"wpforms-required-label\" aria-hidden=\"true\">*<\/span><\/legend><div class=\"wpforms-field-row wpforms-field-medium\"><div class=\"wpforms-field-row-block wpforms-first wpforms-one-half\"><input type=\"text\" id=\"wpforms-2316-field_4\" class=\"wpforms-field-name-first wpforms-field-required\" name=\"wpforms[fields][4][first]\" aria-errormessage=\"wpforms-2316-field_4-error\" required><label for=\"wpforms-2316-field_4\" class=\"wpforms-field-sublabel after\">Nome<\/label><\/div><div class=\"wpforms-field-row-block wpforms-one-half\"><input type=\"text\" id=\"wpforms-2316-field_4-last\" class=\"wpforms-field-name-last wpforms-field-required\" name=\"wpforms[fields][4][last]\" aria-errormessage=\"wpforms-2316-field_4-last-error\" required><label for=\"wpforms-2316-field_4-last\" class=\"wpforms-field-sublabel after\">Sobrenome<\/label><\/div><\/div><\/fieldset><\/div><div id=\"wpforms-2316-field_5-container\" class=\"wpforms-field wpforms-field-email\" data-field-id=\"5\"><label class=\"wpforms-field-label\" for=\"wpforms-2316-field_5\">E-mail <span class=\"wpforms-required-label\" aria-hidden=\"true\">*<\/span><\/label><input type=\"email\" id=\"wpforms-2316-field_5\" class=\"wpforms-field-medium wpforms-field-required\" name=\"wpforms[fields][5]\" spellcheck=\"false\" aria-errormessage=\"wpforms-2316-field_5-error\" required><\/div><div id=\"wpforms-2316-field_6-container\" class=\"wpforms-field wpforms-field-text\" data-field-id=\"6\"><label class=\"wpforms-field-label\" for=\"wpforms-2316-field_6\">CRM-RJ <span class=\"wpforms-required-label\" aria-hidden=\"true\">*<\/span><\/label><input type=\"text\" id=\"wpforms-2316-field_6\" class=\"wpforms-field-medium wpforms-field-required\" name=\"wpforms[fields][6]\" aria-errormessage=\"wpforms-2316-field_6-error\" required><\/div><div id=\"wpforms-2316-field_18-container\" class=\"wpforms-field wpforms-field-number\" data-field-id=\"18\"><label class=\"wpforms-field-label\" for=\"wpforms-2316-field_18\">CPF <span class=\"wpforms-required-label\" aria-hidden=\"true\">*<\/span><\/label><input type=\"number\" id=\"wpforms-2316-field_18\" class=\"wpforms-field-medium wpforms-field-required\" name=\"wpforms[fields][18]\" step=\"any\" aria-errormessage=\"wpforms-2316-field_18-error\" aria-describedby=\"wpforms-2316-field_18-description\" required><div id=\"wpforms-2316-field_18-description\" class=\"wpforms-field-description\">somente n\u00fameros<\/div><\/div><div id=\"wpforms-2316-field_12-container\" class=\"wpforms-field wpforms-field-text\" data-field-id=\"12\"><label class=\"wpforms-field-label\" for=\"wpforms-2316-field_12\">Data de Nascimento <span class=\"wpforms-required-label\" aria-hidden=\"true\">*<\/span><\/label><input type=\"text\" id=\"wpforms-2316-field_12\" class=\"wpforms-field-medium wpforms-field-required\" name=\"wpforms[fields][12]\" aria-errormessage=\"wpforms-2316-field_12-error\" required><\/div>\t\t<div id=\"wpforms-2316-field_1-container\"\n\t\t\tclass=\"wpforms-field wpforms-field-text\"\n\t\t\tdata-field-type=\"text\"\n\t\t\tdata-field-id=\"1\"\n\t\t\t>\n\t\t\t<label class=\"wpforms-field-label\" for=\"wpforms-2316-field_1\" >de de CEP<\/label>\n\t\t\t<input type=\"text\" id=\"wpforms-2316-field_1\" class=\"wpforms-field-medium\" name=\"wpforms[fields][1]\" >\n\t\t<\/div>\n\t\t<div id=\"wpforms-2316-field_13-container\" class=\"wpforms-field wpforms-field-number\" data-field-id=\"13\"><label class=\"wpforms-field-label\" for=\"wpforms-2316-field_13\">Ano de Formatura <span class=\"wpforms-required-label\" aria-hidden=\"true\">*<\/span><\/label><input type=\"number\" id=\"wpforms-2316-field_13\" class=\"wpforms-field-medium wpforms-field-required\" name=\"wpforms[fields][13]\" step=\"any\" aria-errormessage=\"wpforms-2316-field_13-error\" required><\/div><div id=\"wpforms-2316-field_7-container\" class=\"wpforms-field wpforms-field-text\" data-field-id=\"7\"><label class=\"wpforms-field-label\" for=\"wpforms-2316-field_7\">Endere\u00e7o Residencial <span class=\"wpforms-required-label\" aria-hidden=\"true\">*<\/span><\/label><input type=\"text\" id=\"wpforms-2316-field_7\" class=\"wpforms-field-medium wpforms-field-required\" name=\"wpforms[fields][7]\" aria-errormessage=\"wpforms-2316-field_7-error\" required><\/div><div id=\"wpforms-2316-field_8-container\" class=\"wpforms-field wpforms-field-text\" data-field-id=\"8\"><label class=\"wpforms-field-label\" for=\"wpforms-2316-field_8\">Bairro <span class=\"wpforms-required-label\" aria-hidden=\"true\">*<\/span><\/label><input type=\"text\" id=\"wpforms-2316-field_8\" class=\"wpforms-field-medium wpforms-field-required\" name=\"wpforms[fields][8]\" aria-errormessage=\"wpforms-2316-field_8-error\" required><\/div><div id=\"wpforms-2316-field_9-container\" class=\"wpforms-field wpforms-field-text\" data-field-id=\"9\"><label class=\"wpforms-field-label\" for=\"wpforms-2316-field_9\">Cidade <span class=\"wpforms-required-label\" aria-hidden=\"true\">*<\/span><\/label><input type=\"text\" id=\"wpforms-2316-field_9\" class=\"wpforms-field-medium wpforms-field-required\" name=\"wpforms[fields][9]\" aria-errormessage=\"wpforms-2316-field_9-error\" required><\/div><div id=\"wpforms-2316-field_10-container\" class=\"wpforms-field wpforms-field-text\" data-field-id=\"10\"><label class=\"wpforms-field-label\" for=\"wpforms-2316-field_10\">CEP <span class=\"wpforms-required-label\" aria-hidden=\"true\">*<\/span><\/label><input type=\"text\" id=\"wpforms-2316-field_10\" class=\"wpforms-field-medium wpforms-field-required\" name=\"wpforms[fields][10]\" aria-errormessage=\"wpforms-2316-field_10-error\" required><\/div><div id=\"wpforms-2316-field_11-container\" class=\"wpforms-field wpforms-field-number\" data-field-id=\"11\"><label class=\"wpforms-field-label\" for=\"wpforms-2316-field_11\">Celular <span class=\"wpforms-required-label\" aria-hidden=\"true\">*<\/span><\/label><input type=\"number\" id=\"wpforms-2316-field_11\" class=\"wpforms-field-medium wpforms-field-required\" name=\"wpforms[fields][11]\" step=\"any\" aria-errormessage=\"wpforms-2316-field_11-error\" aria-describedby=\"wpforms-2316-field_11-description\" required><div id=\"wpforms-2316-field_11-description\" class=\"wpforms-field-description\">DDD+N\u00famero<\/div><\/div><div id=\"wpforms-2316-field_14-container\" class=\"wpforms-field wpforms-field-select wpforms-field-select-style-classic\" data-field-id=\"14\"><label class=\"wpforms-field-label\" for=\"wpforms-2316-field_14\">Tipo de Sindicaliza\u00e7\u00e3o <span class=\"wpforms-required-label\" aria-hidden=\"true\">*<\/span><\/label><select id=\"wpforms-2316-field_14\" class=\"wpforms-field-medium wpforms-field-required\" name=\"wpforms[fields][14]\" required=\"required\"><option value=\"\" class=\"placeholder\" disabled  selected='selected'>&#8212; Selecione a escolha &#8212;<\/option><option value=\"Sindicaliza\u00e7\u00e3o Regular\"  class=\"choice-4 depth-1\"  >Sindicaliza\u00e7\u00e3o Regular<\/option><option value=\"Remido (Maior de 65 anos)\"  class=\"choice-1 depth-1\"  >Remido (Maior de 65 anos)<\/option><option value=\"M\u00e9dico R\u00e9cem Formado (&lt; 1 ano)\"  class=\"choice-2 depth-1\"  >M\u00e9dico R\u00e9cem Formado (&lt; 1 ano)<\/option><option value=\"M\u00e9dico Residente\"  class=\"choice-3 depth-1\"  >M\u00e9dico Residente<\/option><\/select><\/div><div id=\"wpforms-2316-field_15-container\" class=\"wpforms-field wpforms-field-radio\" data-field-id=\"15\"><fieldset><legend class=\"wpforms-field-label\">Modo de Pagamento <span class=\"wpforms-required-label\" aria-hidden=\"true\">*<\/span><\/legend><ul id=\"wpforms-2316-field_15\" class=\"wpforms-field-required\"><li class=\"choice-1 depth-1\"><input type=\"radio\" id=\"wpforms-2316-field_15_1\" name=\"wpforms[fields][15]\" value=\"Boleto (ser\u00e1 enviado por e-mail)\" aria-errormessage=\"wpforms-2316-field_15_1-error\" required ><label class=\"wpforms-field-label-inline\" for=\"wpforms-2316-field_15_1\">Boleto (ser\u00e1 enviado por e-mail)<\/label><\/li><li class=\"choice-2 depth-1\"><input type=\"radio\" id=\"wpforms-2316-field_15_2\" name=\"wpforms[fields][15]\" value=\"Pix Recorrente (Preencha os campos da conta abaixo)\" aria-errormessage=\"wpforms-2316-field_15_2-error\" required ><label class=\"wpforms-field-label-inline\" for=\"wpforms-2316-field_15_2\">Pix Recorrente (Preencha os campos da conta abaixo)<\/label><\/li><li class=\"choice-3 depth-1\"><input type=\"radio\" id=\"wpforms-2316-field_15_3\" name=\"wpforms[fields][15]\" value=\"Cart\u00e3o de Cr\u00e9dito (link de pagamento ser\u00e1 enviado por e-mail)\" aria-errormessage=\"wpforms-2316-field_15_3-error\" required ><label class=\"wpforms-field-label-inline\" for=\"wpforms-2316-field_15_3\">Cart\u00e3o de Cr\u00e9dito (link de pagamento ser\u00e1 enviado por e-mail)<\/label><\/li><\/ul><\/fieldset><\/div><div id=\"wpforms-2316-field_16-container\" class=\"wpforms-field wpforms-field-textarea\" data-field-id=\"16\"><label class=\"wpforms-field-label\" for=\"wpforms-2316-field_16\">Em caso de Pix Recorrente, informar Banco, Ag\u00eancia Banc\u00e1ria e Conta Corrente<\/label><textarea id=\"wpforms-2316-field_16\" class=\"wpforms-field-medium\" name=\"wpforms[fields][16]\" aria-errormessage=\"wpforms-2316-field_16-error\" aria-describedby=\"wpforms-2316-field_16-description\" ><\/textarea><div id=\"wpforms-2316-field_16-description\" class=\"wpforms-field-description\">Favor incluir o d\u00edgito verificado, caso existe em sua ag\u00eancia ou conta corrente.<\/div><\/div><script>\n\t\t\t\t( function() {\n\t\t\t\t\tconst style = document.createElement( 'style' );\n\t\t\t\t\tstyle.appendChild( document.createTextNode( '#wpforms-2316-field_1-container { position: absolute !important; overflow: hidden !important; display: inline !important; height: 1px !important; width: 1px !important; z-index: -1000 !important; padding: 0 !important; } #wpforms-2316-field_1-container input { visibility: hidden; } #wpforms-conversational-form-page #wpforms-2316-field_1-container label { counter-increment: none; }' ) );\n\t\t\t\t\tdocument.head.appendChild( style );\n\t\t\t\t\tdocument.currentScript?.remove();\n\t\t\t\t} )();\n\t\t\t<\/script><\/div><!-- .wpforms-field-container --><div class=\"wpforms-submit-container\" ><input type=\"hidden\" name=\"wpforms[id]\" value=\"2316\"><input type=\"hidden\" name=\"page_title\" value=\"\"><input type=\"hidden\" name=\"page_url\" value=\"https:\/\/sinmedrj.org.br\/index.php?rest_route=\/wp\/v2\/pages\/2324\"><input type=\"hidden\" name=\"url_referer\" value=\"\"><button type=\"submit\" name=\"wpforms[submit]\" id=\"wpforms-submit-2316\" class=\"wpforms-submit\" data-alt-text=\"Enviando\u2026\" data-submit-text=\"Enviar\" aria-live=\"assertive\" value=\"wpforms-submit\">Enviar<\/button><img loading=\"lazy\" decoding=\"async\" src=\"https:\/\/sinmedrj.org.br\/wp-content\/plugins\/wpforms-lite\/assets\/images\/submit-spin.svg\" class=\"wpforms-submit-spinner\" style=\"display: none;\" width=\"26\" height=\"26\" alt=\"Carregando\"><\/div><\/form><\/div>  <!-- .wpforms-container -->","protected":false},"excerpt":{"rendered":"<p>Agradecemos o interesse em se sindicalizar ao SINMED-RJ. Os valores da anuidade podem ser consultado aqui.<\/p>\n","protected":false},"author":5,"featured_media":2346,"parent":0,"menu_order":0,"comment_status":"closed","ping_status":"closed","template":"","meta":{"_acf_changed":false,"footnotes":""},"class_list":["post-2324","page","type-page","status-publish","has-post-thumbnail","hentry"],"acf":[],"_links":{"self":[{"href":"https:\/\/sinmedrj.org.br\/index.php?rest_route=\/wp\/v2\/pages\/2324","targetHints":{"allow":["GET"]}}],"collection":[{"href":"https:\/\/sinmedrj.org.br\/index.php?rest_route=\/wp\/v2\/pages"}],"about":[{"href":"https:\/\/sinmedrj.org.br\/index.php?rest_route=\/wp\/v2\/types\/page"}],"author":[{"embeddable":true,"href":"https:\/\/sinmedrj.org.br\/index.php?rest_route=\/wp\/v2\/users\/5"}],"replies":[{"embeddable":true,"href":"https:\/\/sinmedrj.org.br\/index.php?rest_route=%2Fwp%2Fv2%2Fcomments&post=2324"}],"version-history":[{"count":5,"href":"https:\/\/sinmedrj.org.br\/index.php?rest_route=\/wp\/v2\/pages\/2324\/revisions"}],"predecessor-version":[{"id":2337,"href":"https:\/\/sinmedrj.org.br\/index.php?rest_route=\/wp\/v2\/pages\/2324\/revisions\/2337"}],"wp:featuredmedia":[{"embeddable":true,"href":"https:\/\/sinmedrj.org.br\/index.php?rest_route=\/wp\/v2\/media\/2346"}],"wp:attachment":[{"href":"https:\/\/sinmedrj.org.br\/index.php?rest_route=%2Fwp%2Fv2%2Fmedia&parent=2324"}],"curies":[{"name":"wp","href":"https:\/\/api.w.org\/{rel}","templated":true}]}}