{"id":29,"date":"2017-08-28T08:31:00","date_gmt":"2017-08-28T11:31:00","guid":{"rendered":"http:\/\/sinmedrj.org.br\/servicos\/assessoria-juridica\/"},"modified":"2026-04-21T18:33:07","modified_gmt":"2026-04-21T21:33:07","slug":"assessoria-juridica","status":"publish","type":"page","link":"https:\/\/sinmedrj.org.br\/?page_id=29","title":{"rendered":"Assessoria Jur\u00eddica"},"content":{"rendered":"<p>O SindMed-RJ oferece atendimento jur\u00eddico especializado aos seus associados. Se voc\u00ea precisa de apoio nas \u00e1reas de direito trabalhista, criminal ou administrativo, basta nos procurar.<br \/>\nNosso corpo jur\u00eddico est\u00e1 \u00e0 sua disposi\u00e7\u00e3o. Entre em contato conosco pelo telefone 21 3520-1613 ou no email <strong>juridico@sinmedrj.org.br<\/strong><\/p>\n<p>Os atendimentos presenciais e virtuais com os advogados s\u00e3o agendados previamente atrav\u00e9s dos meios de comunica\u00e7\u00e3o.<\/p>\n","protected":false},"excerpt":{"rendered":"<p>O SindMed-RJ oferece atendimento jur\u00eddico especializado aos seus associados. Se voc\u00ea precisa de apoio nas \u00e1reas de direito trabalhista, criminal ou administrativo, basta nos procurar. Nosso corpo jur\u00eddico est\u00e1 \u00e0 sua disposi\u00e7\u00e3o. Entre em contato conosco pelo telefone 21 3520-1613 ou no email juridico@sinmedrj.org.br Os atendimentos presenciais e virtuais com os advogados s\u00e3o agendados previamente [&hellip;]<\/p>\n","protected":false},"author":1,"featured_media":0,"parent":23,"menu_order":0,"comment_status":"closed","ping_status":"closed","template":"","meta":{"_acf_changed":false,"footnotes":""},"class_list":["post-29","page","type-page","status-publish","hentry"],"acf":[],"_links":{"self":[{"href":"https:\/\/sinmedrj.org.br\/index.php?rest_route=\/wp\/v2\/pages\/29","targetHints":{"allow":["GET"]}}],"collection":[{"href":"https:\/\/sinmedrj.org.br\/index.php?rest_route=\/wp\/v2\/pages"}],"about":[{"href":"https:\/\/sinmedrj.org.br\/index.php?rest_route=\/wp\/v2\/types\/page"}],"author":[{"embeddable":true,"href":"https:\/\/sinmedrj.org.br\/index.php?rest_route=\/wp\/v2\/users\/1"}],"replies":[{"embeddable":true,"href":"https:\/\/sinmedrj.org.br\/index.php?rest_route=%2Fwp%2Fv2%2Fcomments&post=29"}],"version-history":[{"count":22,"href":"https:\/\/sinmedrj.org.br\/index.php?rest_route=\/wp\/v2\/pages\/29\/revisions"}],"predecessor-version":[{"id":2411,"href":"https:\/\/sinmedrj.org.br\/index.php?rest_route=\/wp\/v2\/pages\/29\/revisions\/2411"}],"up":[{"embeddable":true,"href":"https:\/\/sinmedrj.org.br\/index.php?rest_route=\/wp\/v2\/pages\/23"}],"wp:attachment":[{"href":"https:\/\/sinmedrj.org.br\/index.php?rest_route=%2Fwp%2Fv2%2Fmedia&parent=29"}],"curies":[{"name":"wp","href":"https:\/\/api.w.org\/{rel}","templated":true}]}}